{"id":151,"date":"2021-12-30T09:13:44","date_gmt":"2021-12-30T09:13:44","guid":{"rendered":"https:\/\/efa-ge.de\/?page_id=151"},"modified":"2021-12-30T09:34:14","modified_gmt":"2021-12-30T09:34:14","slug":"tun","status":"publish","type":"page","link":"https:\/\/efa-ge.de\/al\/tun","title":{"rendered":"\u00c7far\u00eb b\u00ebjm\u00eb ne?"},"content":{"rendered":"\n<p>Ne ju mb\u00ebshtesim me k\u00ebt\u00eb<\/p>\n\n\n\n<ul class=\"wp-block-list\"><li>P\u00ebrkthimi i letrave,<\/li><li>plot\u00ebsimi i formular\u00ebve dhe aplikimeve,<\/li><li>n\u00eb rast t\u00eb vizitave t\u00eb nevojshme tek autoritetet,<\/li><li>kur vizitoni avokat\u00ebt,<\/li><li>&nbsp;kur caktoni vizita te mjeku<\/li><li>dhe shoq\u00ebrues n\u00eb operacionet e mjekut dhe spitalet &#8211; gjithashtu p\u00ebr lindje,<\/li><li>kur k\u00ebrkoni p\u00ebr kurse t\u00eb p\u00ebrshtatshme gjuh\u00ebsore<\/li><li>dhe me orientim fillestar n\u00eb mjedisin social.<\/li><\/ul>\n\n\n\n<p>P\u00ebrve\u00e7 ndihm\u00ebs me sigurin\u00eb baz\u00eb, ne ndihmojm\u00eb gjithashtu q\u00eb aktivitetet e p\u00ebrditshme dhe ato t\u00eb koh\u00ebs s\u00eb lir\u00eb t\u00eb jen\u00eb m\u00eb t\u00eb larmishme p\u00ebrmes ofertave. Ne gjithashtu mund t\u00eb ndihmojm\u00eb me organizimin e l\u00ebvizjes dhe riregjistrimin. Grat\u00eb q\u00eb k\u00ebrkojn\u00eb ndihm\u00eb mund t\u00eb marrin informacion se ku n\u00eb Gelsenkirchen mund t\u00eb blejn\u00eb mobilje t\u00eb p\u00ebrdorura me \u00e7mim t\u00eb ul\u00ebt ose ku mund t\u00eb merren donacione; si zbatohet nj\u00eb regjistrim n\u00eb nj\u00eb ofrues t\u00eb energjis\u00eb elektrike, si<\/p>\n\n\n\n<p>Si funksionon sistemi shkollor n\u00eb Gjermani dhe si duhet b\u00ebh\u00ebn&nbsp; regjistrimet n\u00eb shkolla dhe kopshte.<\/p>\n\n\n\n<p>Ne ofrojm\u00eb ndihm\u00eb adekuate p\u00ebr grat\u00eb e huaja dhe gjithashtu i k\u00ebshillojm\u00eb ato p\u00ebr problemet specifike t\u00eb kultur\u00ebs. Sipas k\u00ebrkes\u00ebs, ne punojm\u00eb me partner\u00ebt e duhur t\u00eb bashk\u00ebpunimit n\u00eb komun\u00ebn ton\u00eb.<\/p>\n","protected":false},"excerpt":{"rendered":"<p>Ne ju mb\u00ebshtesim me k\u00ebt\u00eb P\u00ebrkthimi i letrave, plot\u00ebsimi i formular\u00ebve dhe aplikimeve, n\u00eb rast t\u00eb vizitave t\u00eb nevojshme tek autoritetet, kur vizitoni avokat\u00ebt, &nbsp;kur caktoni vizita te mjeku dhe [&hellip;]<\/p>\n","protected":false},"author":1,"featured_media":0,"parent":0,"menu_order":0,"comment_status":"closed","ping_status":"closed","template":"","meta":{"footnotes":""},"class_list":["post-151","page","type-page","status-publish","hentry"],"translation":{"provider":"WPGlobus","version":"3.0.2","language":"al","enabled_languages":["de","en","fa","ar","al"],"languages":{"de":{"title":true,"content":true,"excerpt":false},"en":{"title":true,"content":true,"excerpt":false},"fa":{"title":true,"content":true,"excerpt":false},"ar":{"title":true,"content":true,"excerpt":false},"al":{"title":true,"content":true,"excerpt":false}}},"_links":{"self":[{"href":"https:\/\/efa-ge.de\/al\/wp-json\/wp\/v2\/pages\/151","targetHints":{"allow":["GET"]}}],"collection":[{"href":"https:\/\/efa-ge.de\/al\/wp-json\/wp\/v2\/pages"}],"about":[{"href":"https:\/\/efa-ge.de\/al\/wp-json\/wp\/v2\/types\/page"}],"author":[{"embeddable":true,"href":"https:\/\/efa-ge.de\/al\/wp-json\/wp\/v2\/users\/1"}],"replies":[{"embeddable":true,"href":"https:\/\/efa-ge.de\/al\/wp-json\/wp\/v2\/comments?post=151"}],"version-history":[{"count":6,"href":"https:\/\/efa-ge.de\/al\/wp-json\/wp\/v2\/pages\/151\/revisions"}],"predecessor-version":[{"id":183,"href":"https:\/\/efa-ge.de\/al\/wp-json\/wp\/v2\/pages\/151\/revisions\/183"}],"wp:attachment":[{"href":"https:\/\/efa-ge.de\/al\/wp-json\/wp\/v2\/media?parent=151"}],"curies":[{"name":"wp","href":"https:\/\/api.w.org\/{rel}","templated":true}]}}