{"id":158,"date":"2021-12-30T09:16:47","date_gmt":"2021-12-30T09:16:47","guid":{"rendered":"https:\/\/efa-ge.de\/?page_id=158"},"modified":"2023-05-12T12:59:39","modified_gmt":"2023-05-12T12:59:39","slug":"angebote","status":"publish","type":"page","link":"https:\/\/efa-ge.de\/al\/angebote","title":{"rendered":"Unsere Gruppenangebote"},"content":{"rendered":"\n<h4 class=\"wp-block-heading\" id=\"zumba-fur-frauen\">Bewegungs- und Freizeitgruppe f\u00fcr Frauen<\/h4>\n\n\n\n<p>Zusammen bewegen wir uns, aktivieren unseren K\u00f6rper und l\u00f6sen uns vom Alltag. Gemeinsamt entsteht dadurch Freude und gute Laune. Die Gruppe erfordert keinerlei Vorkenntnisse. Wer Freude an Bewegung hat und Spa\u00df an und Musik ist herzlich willkommen.<\/p>\n\n\n\n<figure class=\"wp-block-table\"><table><tbody><tr><td>Termine:&nbsp;&nbsp;&nbsp;&nbsp;&nbsp;&nbsp;&nbsp;&nbsp;<\/td><td>jeden Mittwoch von 16.00 &#8211; 18.00 Uhr<\/td><\/tr><tr><td>Treffpunkt:&nbsp;&nbsp;&nbsp;&nbsp;&nbsp;<\/td><td>Hohenfriedbergschule , Hohenfriedberger Stra\u00dfe  2 45886 Gelsenkirchen<\/td><\/tr><tr><td>Kosten:&nbsp;&nbsp;&nbsp;&nbsp;&nbsp;&nbsp;&nbsp;&nbsp;&nbsp;&nbsp;&nbsp;<\/td><td>einmalig 5,- Euro<\/td><\/tr><tr><td>Anmeldung:&nbsp;&nbsp;&nbsp;<\/td><td>nur mit Anmeldung!! <br>0209\/ 58903725 dienstags und donnerstags 9.00 bis 12.00 Uhr<br>Ansprechpartnerin: Frau Aissaoui <\/td><\/tr><\/tbody><\/table><\/figure>\n\n\n\n<p><\/p>\n\n\n\n<p><strong>Nermins Kreativrunde f\u00fcr Frauen<\/strong><\/p>\n\n\n\n<p>Der Kurs richtet sich an Anf\u00e4ngerinnen. Es wird gewerkelt, geh\u00e4kelt, gestrickt und gen\u00e4ht. In der N\u00e4hgruppe  lernen Sie zum Beispiel die N\u00e4hmaschine und ihre unterschiedlichen Funktionen genau kennen. Anschlie\u00dfend versuchen Sie leichte Modelle anzufertigen und Kleidungsst\u00fccke zu ver\u00e4ndern oder fertig zu n\u00e4hen. Unsere Kursleiterin wird Sie dabei anleiten und unterst\u00fctzen<strong>. <\/strong>Andere Frauen wollen handarbeiten und lernen von den anwesenden Expertinnen. Die Aktionen richten sich nach den W\u00fcnschen der Teilnehmerinnen. <\/p>\n\n\n\n<figure class=\"wp-block-table\"><table><tbody><tr><td>Termine:&nbsp;&nbsp;&nbsp;&nbsp;&nbsp;&nbsp;&nbsp;&nbsp;<\/td><td>jeden Mittwoch von 14:00 &#8211; 18:00 Uhr<\/td><\/tr><tr><td>Treffpunkt:&nbsp;&nbsp;&nbsp;&nbsp;&nbsp;<\/td><td>Alevi Kulturverein, Kirchstr. 85, 45888 Gelsenkirchen<\/td><\/tr><tr><td>Kosten:&nbsp;&nbsp;&nbsp;&nbsp;&nbsp;&nbsp;&nbsp;&nbsp;&nbsp;&nbsp;&nbsp;<\/td><td>einmalig 5,- Euro<\/td><\/tr><tr><td>Anmeldung:&nbsp;&nbsp;&nbsp;<\/td><td>0209\/ 58903725<\/td><\/tr><\/tbody><\/table><\/figure>\n\n\n\n<p><\/p>\n\n\n\n<p><strong>Deutschkurs<\/strong> <strong>&#8211; Aktiv gegen Sprachlosigkeit<\/strong><\/p>\n\n\n\n<p>Arztbesuch\/ Beh\u00f6rden\/ Einkaufen \u2013 um sich bei diesen und anderen Gelegenheiten verst\u00e4ndlich machen zu k\u00f6nnen, bieten wir einen Deutschkurs f\u00fcr alle Frauen an, die wenig oder gar kein Deutsch sprechen. <strong><\/strong><\/p>\n\n\n\n<figure class=\"wp-block-table\"><table><tbody><tr><td>Termine:&nbsp;&nbsp;&nbsp;&nbsp;&nbsp;&nbsp;&nbsp;&nbsp;<\/td><td>Jeden Dienstag und Donnerstag von 09:30 &#8211; 11:30 Uhr<\/td><\/tr><tr><td>Treffpunkt:&nbsp;&nbsp;&nbsp;&nbsp;&nbsp;<\/td><td>Frauenzentrum EFA, Hiberniastr. 6, 45879 Gelsenkirchen<\/td><\/tr><tr><td>Kosten:&nbsp;&nbsp;&nbsp;&nbsp;&nbsp;&nbsp;&nbsp;&nbsp;&nbsp;&nbsp;&nbsp;<\/td><td>kostenfrei<\/td><\/tr><tr><td>Anmeldung:&nbsp;&nbsp;&nbsp;<\/td><td>0209\/ 58903725<br>Ansprechpartnerin: Frau Akin<\/td><\/tr><\/tbody><\/table><\/figure>\n\n\n\n<p><\/p>\n\n\n\n<p><strong>Muttersprache lernen: Arabisch f\u00fcr Grundschulkinder <\/strong><\/p>\n\n\n\n<p>F\u00fcr die Sprachentwicklung in der Zweitsprache Deutsch ist der sichere Ausdruck in der erlernten Muttersprache wichtig. Mit einer arabischen Lehrerin wird in der kleinen Gruppe einmal in der Woche gelernt.  <\/p>\n\n\n\n<figure class=\"wp-block-table\"><table><tbody><tr><td>Termine:&nbsp;&nbsp;&nbsp;&nbsp;&nbsp;&nbsp;&nbsp;&nbsp;<\/td><td>Jeden Samstag von 11:00 &#8211; 13:00 Uhr<\/td><\/tr><tr><td>Treffpunkt:&nbsp;&nbsp;&nbsp;&nbsp;&nbsp;<\/td><td>Frauenzentrum EFA, Hiberniastr. 6, 45879 Gelsenkirchen<\/td><\/tr><tr><td>Kosten:&nbsp;&nbsp;&nbsp;&nbsp;&nbsp;&nbsp;&nbsp;&nbsp;&nbsp;&nbsp;&nbsp;<\/td><td>einmalig 5,- Euro<\/td><\/tr><tr><td>Anmeldung:&nbsp;&nbsp;&nbsp;<\/td><td>nur mit Anmeldung!! 0209\/ 58903725 <br>Ansprechpartnerin: Frau Wafaa<\/td><\/tr><\/tbody><\/table><\/figure>\n\n\n\n<p><\/p>\n\n\n\n<p><strong>Sprachcaf\u00e9<\/strong>: <strong>Starke Frauen &#8211; Starke Themen<\/strong><\/p>\n\n\n\n<p>Bei Kaffee und Kuchen wird die deutsche Sprache spielend leicht gelernt.<\/p>\n\n\n\n<figure class=\"wp-block-table\"><table><tbody><tr><td>Termine:&nbsp;&nbsp;&nbsp;&nbsp;&nbsp;&nbsp;&nbsp;&nbsp;<\/td><td>Jeden Montag von 10:00 &#8211; 12:00 Uhr<\/td><\/tr><tr><td>Treffpunkt:&nbsp;&nbsp;&nbsp;&nbsp;&nbsp;<\/td><td>Frauenzentrum EFA, Hiberniastr. 6, 45879 Gelsenkirchen<\/td><\/tr><tr><td>Kosten:&nbsp;&nbsp;&nbsp;&nbsp;&nbsp;&nbsp;&nbsp;&nbsp;&nbsp;&nbsp;&nbsp;<\/td><td>kostenfrei<\/td><\/tr><tr><td>Anmeldung:&nbsp;&nbsp;&nbsp;<\/td><td>0209\/ 58903725 dienstags und donnerstags 9.00 bis 12.00 Uhr<br>Ansprechpartnerin: Frau Aissaoui <\/td><\/tr><\/tbody><\/table><\/figure>\n\n\n\n<p><\/p>\n\n\n\n<p><strong>Internationales Fr\u00fchst\u00fcck<\/strong><\/p>\n\n\n\n<p>Einmal in der Woche treffen wir uns zum Fr\u00fchst\u00fccken. Dies ist eine Gelegenheit neue Kontakte zu kn\u00fcpfen.<\/p>\n\n\n\n<figure class=\"wp-block-table\"><table><tbody><tr><td>Termine:&nbsp;&nbsp;&nbsp;&nbsp;&nbsp;&nbsp;&nbsp;&nbsp;<\/td><td>Jeden Montag von 10:00 &#8211; 13:00 Uhr<\/td><\/tr><tr><td>Treffpunkt:&nbsp;&nbsp;&nbsp;&nbsp;&nbsp;<\/td><td>Alevi Kulturverein, Kirchstr. 85, 45888 Gelsenkirchen<\/td><\/tr><tr><td>Kosten:&nbsp;&nbsp;&nbsp;&nbsp;&nbsp;&nbsp;&nbsp;&nbsp;&nbsp;&nbsp;&nbsp;<\/td><td>kostenfrei<\/td><\/tr><tr><td>Anmeldung:&nbsp;&nbsp;&nbsp;<\/td><td>nicht n\u00f6tig, Ansprechpartnerin Frau Akin<\/td><\/tr><\/tbody><\/table><\/figure>\n","protected":false},"excerpt":{"rendered":"<p>Bewegungs- und Freizeitgruppe f\u00fcr Frauen Zusammen bewegen wir uns, aktivieren unseren K\u00f6rper und l\u00f6sen uns vom Alltag. Gemeinsamt entsteht dadurch Freude und gute Laune. Die Gruppe erfordert keinerlei Vorkenntnisse. Wer [&hellip;]<\/p>\n","protected":false},"author":1,"featured_media":0,"parent":0,"menu_order":0,"comment_status":"closed","ping_status":"closed","template":"","meta":{"footnotes":""},"class_list":["post-158","page","type-page","status-publish","hentry"],"translation":{"provider":"WPGlobus","version":"3.0.2","language":"al","enabled_languages":["de","en","fa","ar","al"],"languages":{"de":{"title":true,"content":true,"excerpt":false},"en":{"title":false,"content":false,"excerpt":false},"fa":{"title":false,"content":false,"excerpt":false},"ar":{"title":false,"content":false,"excerpt":false},"al":{"title":false,"content":false,"excerpt":false}}},"_links":{"self":[{"href":"https:\/\/efa-ge.de\/al\/wp-json\/wp\/v2\/pages\/158","targetHints":{"allow":["GET"]}}],"collection":[{"href":"https:\/\/efa-ge.de\/al\/wp-json\/wp\/v2\/pages"}],"about":[{"href":"https:\/\/efa-ge.de\/al\/wp-json\/wp\/v2\/types\/page"}],"author":[{"embeddable":true,"href":"https:\/\/efa-ge.de\/al\/wp-json\/wp\/v2\/users\/1"}],"replies":[{"embeddable":true,"href":"https:\/\/efa-ge.de\/al\/wp-json\/wp\/v2\/comments?post=158"}],"version-history":[{"count":29,"href":"https:\/\/efa-ge.de\/al\/wp-json\/wp\/v2\/pages\/158\/revisions"}],"predecessor-version":[{"id":317,"href":"https:\/\/efa-ge.de\/al\/wp-json\/wp\/v2\/pages\/158\/revisions\/317"}],"wp:attachment":[{"href":"https:\/\/efa-ge.de\/al\/wp-json\/wp\/v2\/media?parent=158"}],"curies":[{"name":"wp","href":"https:\/\/api.w.org\/{rel}","templated":true}]}}