{"id":168,"date":"2021-12-30T09:20:18","date_gmt":"2021-12-30T09:20:18","guid":{"rendered":"https:\/\/efa-ge.de\/?page_id=168"},"modified":"2023-05-12T12:49:51","modified_gmt":"2023-05-12T12:49:51","slug":"kon","status":"publish","type":"page","link":"https:\/\/efa-ge.de\/al\/kon","title":{"rendered":"Si mundeni t\u00eb na kontaktoni?"},"content":{"rendered":"\n<p>Orari yn\u00eb i zyr\u00ebs<\/p>\n\n\n\n<p>T\u00eb h\u00ebn\u00ebn dhe t\u00eb mart\u00ebn, si dhe t\u00eb enjten dhe t\u00eb premten nga ora 9:00 deri n\u00eb or\u00ebn 12:00<\/p>\n\n\n\n<p>(konsultat personale aktualisht jan\u00eb t\u00eb disponueshme vet\u00ebm me telefon e mundur)<\/p>\n\n\n\n<p><strong> Ku jemi?<\/strong><\/p>\n\n\n\n<p>Adresa:<\/p>\n\n\n\n<p>Zyrja e Grave E.F.A. e.V.<\/p>\n\n\n\n<p>Hiberniastr. 6, 45879 Gelsenkirchen Fon 0209\/58903725<\/p>\n\n\n\n<p>Email: frauenzentrum(at)efa-ge.de<\/p>\n\n\n\n<figure class=\"wp-block-image size-full\"><img loading=\"lazy\" decoding=\"async\" width=\"545\" height=\"269\" src=\"https:\/\/efa-ge.de\/wp-content\/uploads\/2021\/12\/image.png\" alt=\"\" class=\"wp-image-41\" srcset=\"https:\/\/efa-ge.de\/wp-content\/uploads\/2021\/12\/image.png 545w, https:\/\/efa-ge.de\/wp-content\/uploads\/2021\/12\/image-300x148.png 300w\" sizes=\"auto, (max-width: 545px) 100vw, 545px\" \/><\/figure>\n","protected":false},"excerpt":{"rendered":"<p>Orari yn\u00eb i zyr\u00ebs T\u00eb h\u00ebn\u00ebn dhe t\u00eb mart\u00ebn, si dhe t\u00eb enjten dhe t\u00eb premten nga ora 9:00 deri n\u00eb or\u00ebn 12:00 (konsultat personale aktualisht jan\u00eb t\u00eb disponueshme vet\u00ebm [&hellip;]<\/p>\n","protected":false},"author":1,"featured_media":0,"parent":0,"menu_order":0,"comment_status":"closed","ping_status":"closed","template":"","meta":{"footnotes":""},"class_list":["post-168","page","type-page","status-publish","hentry"],"translation":{"provider":"WPGlobus","version":"3.0.2","language":"al","enabled_languages":["de","en","fa","ar","al"],"languages":{"de":{"title":true,"content":true,"excerpt":false},"en":{"title":true,"content":true,"excerpt":false},"fa":{"title":true,"content":true,"excerpt":false},"ar":{"title":true,"content":true,"excerpt":false},"al":{"title":true,"content":true,"excerpt":false}}},"_links":{"self":[{"href":"https:\/\/efa-ge.de\/al\/wp-json\/wp\/v2\/pages\/168","targetHints":{"allow":["GET"]}}],"collection":[{"href":"https:\/\/efa-ge.de\/al\/wp-json\/wp\/v2\/pages"}],"about":[{"href":"https:\/\/efa-ge.de\/al\/wp-json\/wp\/v2\/types\/page"}],"author":[{"embeddable":true,"href":"https:\/\/efa-ge.de\/al\/wp-json\/wp\/v2\/users\/1"}],"replies":[{"embeddable":true,"href":"https:\/\/efa-ge.de\/al\/wp-json\/wp\/v2\/comments?post=168"}],"version-history":[{"count":14,"href":"https:\/\/efa-ge.de\/al\/wp-json\/wp\/v2\/pages\/168\/revisions"}],"predecessor-version":[{"id":299,"href":"https:\/\/efa-ge.de\/al\/wp-json\/wp\/v2\/pages\/168\/revisions\/299"}],"wp:attachment":[{"href":"https:\/\/efa-ge.de\/al\/wp-json\/wp\/v2\/media?parent=168"}],"curies":[{"name":"wp","href":"https:\/\/api.w.org\/{rel}","templated":true}]}}